{"id":13437,"date":"2013-08-25T00:00:00","date_gmt":"2013-08-24T21:00:00","guid":{"rendered":"http:\/\/hippolyte.web35.neutech.fi\/framsidan\/"},"modified":"2017-10-01T22:41:12","modified_gmt":"2017-10-01T19:41:12","slug":"framsidan","status":"publish","type":"page","link":"https:\/\/hippolyte.fi\/sv\/","title":{"rendered":"Framsidan"},"content":{"rendered":"<p>Fotogalleri Hippolyte i centrum av Helsingfors drivs av Fotokonstn\u00e4rernas f\u00f6rbund.<\/p>\n<p>Georgsgatan 8\u201310 innerg\u00e5rden, 00120 Helsingfors<br \/>\nUtst\u00e4llningar \u00f6ppna tis-fre 12\u201317, l\u00f6-s\u00f6 12-16, m\u00e5n st\u00e4ngt.<br \/>\nGratis intr\u00e4de<\/p>\n","protected":false},"excerpt":{"rendered":"<p>Fotogalleri Hippolyte i centrum av Helsingfors drivs av Fotokonstn\u00e4rernas f\u00f6rbund. Georgsgatan 8\u201310 innerg\u00e5rden, 00120 Helsingfors Utst\u00e4llningar \u00f6ppna tis-fre 12\u201317, l\u00f6-s\u00f6 12-16, m\u00e5n st\u00e4ngt. Gratis intr\u00e4de<\/p>\n","protected":false},"author":1,"featured_media":0,"parent":0,"menu_order":0,"comment_status":"closed","ping_status":"closed","template":"page-front.php","meta":{"footnotes":""},"class_list":["post-13437","page","type-page","status-publish","hentry"],"_links":{"self":[{"href":"https:\/\/hippolyte.fi\/sv\/wp-json\/wp\/v2\/pages\/13437","targetHints":{"allow":["GET"]}}],"collection":[{"href":"https:\/\/hippolyte.fi\/sv\/wp-json\/wp\/v2\/pages"}],"about":[{"href":"https:\/\/hippolyte.fi\/sv\/wp-json\/wp\/v2\/types\/page"}],"author":[{"embeddable":true,"href":"https:\/\/hippolyte.fi\/sv\/wp-json\/wp\/v2\/users\/1"}],"replies":[{"embeddable":true,"href":"https:\/\/hippolyte.fi\/sv\/wp-json\/wp\/v2\/comments?post=13437"}],"version-history":[{"count":1,"href":"https:\/\/hippolyte.fi\/sv\/wp-json\/wp\/v2\/pages\/13437\/revisions"}],"predecessor-version":[{"id":13503,"href":"https:\/\/hippolyte.fi\/sv\/wp-json\/wp\/v2\/pages\/13437\/revisions\/13503"}],"wp:attachment":[{"href":"https:\/\/hippolyte.fi\/sv\/wp-json\/wp\/v2\/media?parent=13437"}],"curies":[{"name":"wp","href":"https:\/\/api.w.org\/{rel}","templated":true}]}}