{"id":13918,"date":"2017-11-14T12:49:27","date_gmt":"2017-11-14T10:49:27","guid":{"rendered":"http:\/\/hippolyte.fi\/?page_id=13918"},"modified":"2025-03-06T11:19:29","modified_gmt":"2025-03-06T09:19:29","slug":"om-oss","status":"publish","type":"page","link":"https:\/\/hippolyte.fi\/sv\/om-oss\/","title":{"rendered":"Om oss"},"content":{"rendered":"<p><strong>Fotogalleri Hippolyte <\/strong>\u00e4r ett utst\u00e4llningsutrymme f\u00f6r samtidskonst, vars fokus baserar sig p\u00e5 fotokonst och det kringliggande f\u00e4ltet. I anslutning till galleriet finns en bokaff\u00e4r specialiserad p\u00e5 fotob\u00f6cker. Hippolyte \u00e4r konstn\u00e4rsdrivet, ideellt och uppr\u00e4tth\u00e5lls av Fotokonstn\u00e4rernas f\u00f6rbund.<\/p>\n<p><a href=\"http:\/\/hippolyte.web35.neutech.fi\/valokuvataiteilijoiden-liitto\/\"><strong>Fotokonstn\u00e4rernas f\u00f6rbund <\/strong><\/a>fr\u00e4mjar den finl\u00e4ndska fotokonsten och st\u00e4rker dess st\u00e4llning. Till f\u00f6rbundet h\u00f6r st\u00f6rsta delen av de finl\u00e4ndska fotokonstn\u00e4rerna. Den finl\u00e4ndska fotokonsten \u00e4r v\u00e4lk\u00e4nd f\u00f6r sin goda kvalitet, \u00e4ven utomlands.<\/p>\n<p><strong>Fotokonst kan k\u00f6pas<\/strong> i Hippolyte Galleriet, fr\u00e5n Hippolytes <a href=\"https:\/\/shop.hippolyte.fi\/\">onlinebutik<\/a> och p\u00e5 f\u00f6rs\u00e4ljningsevenemang som f\u00f6rbundet ordnar, t.ex. <a href=\"https:\/\/teosvalitys.fi\/\">TEOS<\/a>.<\/p>\n","protected":false},"excerpt":{"rendered":"<p>Fotogalleri Hippolyte \u00e4r ett utst\u00e4llningsutrymme f\u00f6r samtidskonst, vars fokus baserar sig p\u00e5 fotokonst och det kringliggande f\u00e4ltet. I anslutning till galleriet finns en bokaff\u00e4r specialiserad p\u00e5 fotob\u00f6cker. Hippolyte \u00e4r konstn\u00e4rsdrivet, ideellt och uppr\u00e4tth\u00e5lls av Fotokonstn\u00e4rernas f\u00f6rbund. Fotokonstn\u00e4rernas f\u00f6rbund fr\u00e4mjar den finl\u00e4ndska fotokonsten och st\u00e4rker dess st\u00e4llning. Till f\u00f6rbundet h\u00f6r st\u00f6rsta delen av de finl\u00e4ndska fotokonstn\u00e4rerna. [&hellip;]<\/p>\n","protected":false},"author":7,"featured_media":0,"parent":0,"menu_order":0,"comment_status":"closed","ping_status":"closed","template":"","meta":{"footnotes":""},"class_list":["post-13918","page","type-page","status-publish","hentry"],"_links":{"self":[{"href":"https:\/\/hippolyte.fi\/sv\/wp-json\/wp\/v2\/pages\/13918","targetHints":{"allow":["GET"]}}],"collection":[{"href":"https:\/\/hippolyte.fi\/sv\/wp-json\/wp\/v2\/pages"}],"about":[{"href":"https:\/\/hippolyte.fi\/sv\/wp-json\/wp\/v2\/types\/page"}],"author":[{"embeddable":true,"href":"https:\/\/hippolyte.fi\/sv\/wp-json\/wp\/v2\/users\/7"}],"replies":[{"embeddable":true,"href":"https:\/\/hippolyte.fi\/sv\/wp-json\/wp\/v2\/comments?post=13918"}],"version-history":[{"count":10,"href":"https:\/\/hippolyte.fi\/sv\/wp-json\/wp\/v2\/pages\/13918\/revisions"}],"predecessor-version":[{"id":24505,"href":"https:\/\/hippolyte.fi\/sv\/wp-json\/wp\/v2\/pages\/13918\/revisions\/24505"}],"wp:attachment":[{"href":"https:\/\/hippolyte.fi\/sv\/wp-json\/wp\/v2\/media?parent=13918"}],"curies":[{"name":"wp","href":"https:\/\/api.w.org\/{rel}","templated":true}]}}