{"id":13922,"date":"2017-11-14T12:56:49","date_gmt":"2017-11-14T10:56:49","guid":{"rendered":"http:\/\/hippolyte.fi\/?page_id=13922"},"modified":"2025-03-11T16:19:41","modified_gmt":"2025-03-11T14:19:41","slug":"13922-2","status":"publish","type":"page","link":"https:\/\/hippolyte.fi\/sv\/om-oss\/13922-2\/","title":{"rendered":"Personal"},"content":{"rendered":"<p>&nbsp;<\/p>\n<table style=\"max-width:464px\">\n<tbody>\n<tr>\n<td><img loading=\"lazy\" decoding=\"async\" class=\"alignnone size-medium wp-image-24219\" src=\"https:\/\/hippolyte.fi\/wp-content\/uploads\/2024\/11\/Henna-BW-1-640x800.jpg\" alt=\"\" width=\"640\" height=\"800\" srcset=\"https:\/\/hippolyte.fi\/wp-content\/uploads\/2024\/11\/Henna-BW-1-640x800.jpg 640w, https:\/\/hippolyte.fi\/wp-content\/uploads\/2024\/11\/Henna-BW-1-1040x1300.jpg 1040w, https:\/\/hippolyte.fi\/wp-content\/uploads\/2024\/11\/Henna-BW-1-320x400.jpg 320w, https:\/\/hippolyte.fi\/wp-content\/uploads\/2024\/11\/Henna-BW-1-768x960.jpg 768w, https:\/\/hippolyte.fi\/wp-content\/uploads\/2024\/11\/Henna-BW-1-1229x1536.jpg 1229w, https:\/\/hippolyte.fi\/wp-content\/uploads\/2024\/11\/Henna-BW-1-1638x2048.jpg 1638w, https:\/\/hippolyte.fi\/wp-content\/uploads\/2024\/11\/Henna-BW-1-scaled.jpg 2048w\" sizes=\"auto, (max-width: 640px) 100vw, 640px\" \/><\/p>\n<p><strong>Verksamhetsledare<br \/>\nHenna Harri<\/strong><br \/>\n+358 40 591 0770<br \/>\nhenna.harri [at] hippolyte.fi<\/td>\n<td><img loading=\"lazy\" decoding=\"async\" class=\"alignnone size-medium wp-image-24222\" src=\"https:\/\/hippolyte.fi\/wp-content\/uploads\/2024\/11\/Anna-N.-BW-640x800.jpg\" alt=\"\" width=\"640\" height=\"800\" srcset=\"https:\/\/hippolyte.fi\/wp-content\/uploads\/2024\/11\/Anna-N.-BW-640x800.jpg 640w, https:\/\/hippolyte.fi\/wp-content\/uploads\/2024\/11\/Anna-N.-BW-1040x1300.jpg 1040w, https:\/\/hippolyte.fi\/wp-content\/uploads\/2024\/11\/Anna-N.-BW-320x400.jpg 320w, https:\/\/hippolyte.fi\/wp-content\/uploads\/2024\/11\/Anna-N.-BW-768x960.jpg 768w, https:\/\/hippolyte.fi\/wp-content\/uploads\/2024\/11\/Anna-N.-BW-1229x1536.jpg 1229w, https:\/\/hippolyte.fi\/wp-content\/uploads\/2024\/11\/Anna-N.-BW-1638x2048.jpg 1638w, https:\/\/hippolyte.fi\/wp-content\/uploads\/2024\/11\/Anna-N.-BW-scaled.jpg 2048w\" sizes=\"auto, (max-width: 640px) 100vw, 640px\" \/><\/p>\n<p><strong>Styrelseordf\u00f6rande<br \/>\nAnna Niskanen<\/strong><br \/>\nanna.niskanen [at] hippolyte.fi<\/td>\n<\/tr>\n<tr>\n<td><img loading=\"lazy\" decoding=\"async\" class=\"alignnone size-medium wp-image-24229\" src=\"https:\/\/hippolyte.fi\/wp-content\/uploads\/2024\/11\/Anna-BW-5-640x800.jpg\" alt=\"\" width=\"640\" height=\"800\" srcset=\"https:\/\/hippolyte.fi\/wp-content\/uploads\/2024\/11\/Anna-BW-5-640x800.jpg 640w, https:\/\/hippolyte.fi\/wp-content\/uploads\/2024\/11\/Anna-BW-5-1040x1300.jpg 1040w, https:\/\/hippolyte.fi\/wp-content\/uploads\/2024\/11\/Anna-BW-5-320x400.jpg 320w, https:\/\/hippolyte.fi\/wp-content\/uploads\/2024\/11\/Anna-BW-5-768x960.jpg 768w, https:\/\/hippolyte.fi\/wp-content\/uploads\/2024\/11\/Anna-BW-5-1229x1536.jpg 1229w, https:\/\/hippolyte.fi\/wp-content\/uploads\/2024\/11\/Anna-BW-5-1638x2048.jpg 1638w, https:\/\/hippolyte.fi\/wp-content\/uploads\/2024\/11\/Anna-BW-5-scaled.jpg 2048w\" sizes=\"auto, (max-width: 640px) 100vw, 640px\" \/><\/p>\n<p><strong>Utst\u00e4llningsansvarig<br \/>\nAnna Airaksinen<\/strong><br \/>\n+358 50 379 9036<br \/>\nanna.airaksinen [at] hippolyte.fi<\/td>\n<td><img loading=\"lazy\" decoding=\"async\" class=\"alignnone size-medium wp-image-24236\" src=\"https:\/\/hippolyte.fi\/wp-content\/uploads\/2024\/11\/Selina-BW-640x800.jpg\" alt=\"\" width=\"640\" height=\"800\" srcset=\"https:\/\/hippolyte.fi\/wp-content\/uploads\/2024\/11\/Selina-BW-640x800.jpg 640w, https:\/\/hippolyte.fi\/wp-content\/uploads\/2024\/11\/Selina-BW-1040x1300.jpg 1040w, https:\/\/hippolyte.fi\/wp-content\/uploads\/2024\/11\/Selina-BW-320x400.jpg 320w, https:\/\/hippolyte.fi\/wp-content\/uploads\/2024\/11\/Selina-BW-768x960.jpg 768w, https:\/\/hippolyte.fi\/wp-content\/uploads\/2024\/11\/Selina-BW-1229x1536.jpg 1229w, https:\/\/hippolyte.fi\/wp-content\/uploads\/2024\/11\/Selina-BW-1638x2048.jpg 1638w, https:\/\/hippolyte.fi\/wp-content\/uploads\/2024\/11\/Selina-BW-scaled.jpg 2048w\" sizes=\"auto, (max-width: 640px) 100vw, 640px\" \/><\/p>\n<p><strong>F\u00f6rbundskoordinator<br \/>\nSelina Oakes<br \/>\n<\/strong>09 612 3344, (l\u00f6r\u2013s\u00f6n)<br \/>\nselina.oakes\u00a0[at] hippolyte.fi<strong><br \/>\n<\/strong><\/td>\n<\/tr>\n<tr>\n<td><img loading=\"lazy\" decoding=\"async\" class=\"alignnone size-medium wp-image-24232\" src=\"https:\/\/hippolyte.fi\/wp-content\/uploads\/2024\/11\/Laura-BW-2-640x800.jpg\" alt=\"\" width=\"640\" height=\"800\" srcset=\"https:\/\/hippolyte.fi\/wp-content\/uploads\/2024\/11\/Laura-BW-2-640x800.jpg 640w, https:\/\/hippolyte.fi\/wp-content\/uploads\/2024\/11\/Laura-BW-2-1040x1300.jpg 1040w, https:\/\/hippolyte.fi\/wp-content\/uploads\/2024\/11\/Laura-BW-2-320x400.jpg 320w, https:\/\/hippolyte.fi\/wp-content\/uploads\/2024\/11\/Laura-BW-2-768x960.jpg 768w, https:\/\/hippolyte.fi\/wp-content\/uploads\/2024\/11\/Laura-BW-2-1229x1536.jpg 1229w, https:\/\/hippolyte.fi\/wp-content\/uploads\/2024\/11\/Laura-BW-2-1638x2048.jpg 1638w, https:\/\/hippolyte.fi\/wp-content\/uploads\/2024\/11\/Laura-BW-2-scaled.jpg 2048w\" sizes=\"auto, (max-width: 640px) 100vw, 640px\" \/><\/p>\n<p><strong>F\u00f6rbundsassistent<br \/>\nLaura Tuomi<\/strong><br \/>\n09 612 3344, (l\u00f6r\u2013s\u00f6n)<br \/>\noffice\u00a0[at] hippolyte.fi<strong><br \/>\n<\/strong><\/td>\n<td><img loading=\"lazy\" decoding=\"async\" class=\"alignnone size-medium wp-image-24239\" src=\"https:\/\/hippolyte.fi\/wp-content\/uploads\/2024\/11\/Henri-BW-1-640x800.jpg\" alt=\"\" width=\"640\" height=\"800\" srcset=\"https:\/\/hippolyte.fi\/wp-content\/uploads\/2024\/11\/Henri-BW-1-640x800.jpg 640w, https:\/\/hippolyte.fi\/wp-content\/uploads\/2024\/11\/Henri-BW-1-1040x1300.jpg 1040w, https:\/\/hippolyte.fi\/wp-content\/uploads\/2024\/11\/Henri-BW-1-320x400.jpg 320w, https:\/\/hippolyte.fi\/wp-content\/uploads\/2024\/11\/Henri-BW-1-768x960.jpg 768w, https:\/\/hippolyte.fi\/wp-content\/uploads\/2024\/11\/Henri-BW-1-1229x1536.jpg 1229w, https:\/\/hippolyte.fi\/wp-content\/uploads\/2024\/11\/Henri-BW-1-1638x2048.jpg 1638w, https:\/\/hippolyte.fi\/wp-content\/uploads\/2024\/11\/Henri-BW-1-scaled.jpg 2048w\" sizes=\"auto, (max-width: 640px) 100vw, 640px\" \/><\/p>\n<p><strong>Galleritekniker<br \/>\nHenri Airo<\/strong><\/p>\n<p>&nbsp;<\/td>\n<\/tr>\n<\/tbody>\n<\/table>\n<p>Bilder: Matteo Parrotto<\/p>\n<p><b>Information f\u00f6r fotokonstn\u00e4rer<\/b><\/p>\n<p>Till f\u00f6rbundets medlemsutskick kan man l\u00e4mna in upplysningar g\u00e4llande stipendier, residens, arbetstillf\u00e4llen, utst\u00e4llningsans\u00f6kan m.m: jasentiedote [at] hippolyte.fi<\/p>\n<p>Medlemsutskicket skickas via e-post varannan torsdag.<\/p>\n","protected":false},"excerpt":{"rendered":"<p>&nbsp; Verksamhetsledare Henna Harri +358 40 591 0770 henna.harri [at] hippolyte.fi Styrelseordf\u00f6rande Anna Niskanen anna.niskanen [at] hippolyte.fi Utst\u00e4llningsansvarig Anna Airaksinen +358 50 379 9036 anna.airaksinen [at] hippolyte.fi F\u00f6rbundskoordinator Selina Oakes 09 612 3344, (l\u00f6r\u2013s\u00f6n) selina.oakes\u00a0[at] hippolyte.fi F\u00f6rbundsassistent Laura Tuomi 09 612 3344, (l\u00f6r\u2013s\u00f6n) office\u00a0[at] hippolyte.fi Galleritekniker Henri Airo &nbsp; Bilder: Matteo Parrotto Information f\u00f6r fotokonstn\u00e4rer [&hellip;]<\/p>\n","protected":false},"author":7,"featured_media":0,"parent":13918,"menu_order":2,"comment_status":"closed","ping_status":"closed","template":"","meta":{"footnotes":""},"class_list":["post-13922","page","type-page","status-publish","hentry"],"_links":{"self":[{"href":"https:\/\/hippolyte.fi\/sv\/wp-json\/wp\/v2\/pages\/13922","targetHints":{"allow":["GET"]}}],"collection":[{"href":"https:\/\/hippolyte.fi\/sv\/wp-json\/wp\/v2\/pages"}],"about":[{"href":"https:\/\/hippolyte.fi\/sv\/wp-json\/wp\/v2\/types\/page"}],"author":[{"embeddable":true,"href":"https:\/\/hippolyte.fi\/sv\/wp-json\/wp\/v2\/users\/7"}],"replies":[{"embeddable":true,"href":"https:\/\/hippolyte.fi\/sv\/wp-json\/wp\/v2\/comments?post=13922"}],"version-history":[{"count":29,"href":"https:\/\/hippolyte.fi\/sv\/wp-json\/wp\/v2\/pages\/13922\/revisions"}],"predecessor-version":[{"id":24539,"href":"https:\/\/hippolyte.fi\/sv\/wp-json\/wp\/v2\/pages\/13922\/revisions\/24539"}],"up":[{"embeddable":true,"href":"https:\/\/hippolyte.fi\/sv\/wp-json\/wp\/v2\/pages\/13918"}],"wp:attachment":[{"href":"https:\/\/hippolyte.fi\/sv\/wp-json\/wp\/v2\/media?parent=13922"}],"curies":[{"name":"wp","href":"https:\/\/api.w.org\/{rel}","templated":true}]}}