{"id":14928,"date":"2017-11-28T13:08:58","date_gmt":"2017-11-28T11:08:58","guid":{"rendered":"http:\/\/hippolyte.fi\/?page_id=14928"},"modified":"2019-03-20T11:27:26","modified_gmt":"2019-03-20T09:27:26","slug":"ansok-om-utstallningstid","status":"publish","type":"page","link":"https:\/\/hippolyte.fi\/sv\/utstallningar\/ansok-om-utstallningstid\/","title":{"rendered":"Ans\u00f6k om utst\u00e4llningstid"},"content":{"rendered":"<p><strong>Hippolyte har tv\u00e5 utst\u00e4llningsutrymmen, det st\u00f6rre Fotogalleri Hippolyte och det mindre Hippolyte Studio. Utst\u00e4llningarna v\u00e4ljs genom \u00f6ppen ans\u00f6kan. Ans\u00f6kan \u00e4r \u00f6ppen f\u00f6r alla konstn\u00e4rer och olika former av nutidskonst. Fotokonsten har en viktig roll i utst\u00e4llningsprogrammet. D\u00e4rf\u00f6r \u00e4r det \u00f6nskv\u00e4rt att f\u00f6rslagen relaterar till fotografi eller det kringliggande f\u00e4ltet. <\/strong><\/p>\n<p><strong>Mera information p\u00e5 finska eller engelska.<\/strong><\/p>\n","protected":false},"excerpt":{"rendered":"<p>Hippolyte har tv\u00e5 utst\u00e4llningsutrymmen, det st\u00f6rre Fotogalleri Hippolyte och det mindre Hippolyte Studio. Utst\u00e4llningarna v\u00e4ljs genom \u00f6ppen ans\u00f6kan. Ans\u00f6kan \u00e4r \u00f6ppen f\u00f6r alla konstn\u00e4rer och olika former av nutidskonst. Fotokonsten har en viktig roll i utst\u00e4llningsprogrammet. D\u00e4rf\u00f6r \u00e4r det \u00f6nskv\u00e4rt att f\u00f6rslagen relaterar till fotografi eller det kringliggande f\u00e4ltet. Mera information p\u00e5 finska eller engelska.<\/p>\n","protected":false},"author":7,"featured_media":0,"parent":14920,"menu_order":1,"comment_status":"closed","ping_status":"closed","template":"","meta":{"footnotes":""},"class_list":["post-14928","page","type-page","status-publish","hentry"],"_links":{"self":[{"href":"https:\/\/hippolyte.fi\/sv\/wp-json\/wp\/v2\/pages\/14928","targetHints":{"allow":["GET"]}}],"collection":[{"href":"https:\/\/hippolyte.fi\/sv\/wp-json\/wp\/v2\/pages"}],"about":[{"href":"https:\/\/hippolyte.fi\/sv\/wp-json\/wp\/v2\/types\/page"}],"author":[{"embeddable":true,"href":"https:\/\/hippolyte.fi\/sv\/wp-json\/wp\/v2\/users\/7"}],"replies":[{"embeddable":true,"href":"https:\/\/hippolyte.fi\/sv\/wp-json\/wp\/v2\/comments?post=14928"}],"version-history":[{"count":1,"href":"https:\/\/hippolyte.fi\/sv\/wp-json\/wp\/v2\/pages\/14928\/revisions"}],"predecessor-version":[{"id":14929,"href":"https:\/\/hippolyte.fi\/sv\/wp-json\/wp\/v2\/pages\/14928\/revisions\/14929"}],"up":[{"embeddable":true,"href":"https:\/\/hippolyte.fi\/sv\/wp-json\/wp\/v2\/pages\/14920"}],"wp:attachment":[{"href":"https:\/\/hippolyte.fi\/sv\/wp-json\/wp\/v2\/media?parent=14928"}],"curies":[{"name":"wp","href":"https:\/\/api.w.org\/{rel}","templated":true}]}}