{"id":14941,"date":"2017-11-28T13:16:33","date_gmt":"2017-11-28T11:16:33","guid":{"rendered":"http:\/\/hippolyte.fi\/?page_id=14941"},"modified":"2023-08-15T12:36:17","modified_gmt":"2023-08-15T09:36:17","slug":"styrelsen","status":"publish","type":"page","link":"https:\/\/hippolyte.fi\/sv\/fotokonstnarernas-forbund\/styrelsen\/","title":{"rendered":"Styrelsen"},"content":{"rendered":"<table>\n<tbody>\n<tr>\n<td>Anna Niskanen, ordf\u00f6rande<\/td>\n<td>Katri Naukkarinen, vice ordf\u00f6rande<\/td>\n<\/tr>\n<tr>\n<td>Jari Arffman<\/td>\n<td>Sami Funke<\/td>\n<\/tr>\n<tr>\n<td>Mari Hokkanen<\/td>\n<td>Juuli Kangasniemi<\/td>\n<\/tr>\n<tr>\n<td>Katri Lassila<\/td>\n<td>Juuso Noronkoski<\/td>\n<\/tr>\n<tr>\n<td>Noora Sandgren<\/td>\n<td><\/td>\n<\/tr>\n<\/tbody>\n<\/table>\n<p>&nbsp;<\/p>\n<p><strong>Utst\u00e4llningsutskottet<\/strong><\/p>\n<p>F\u00f6r f\u00f6rbundets utst\u00e4llningsverksamhet ansvarar ett av styrelsen utn\u00e4mnt utskott, till vilket ocks\u00e5 utomst\u00e5ende experter kan bjudas in som medlemmar. H\u00f6sten 2023 best\u00e5r utskottet av:<\/p>\n<p>Mari Hokkanen<br \/>\nJuuli Kangasniemi<br \/>\nNoora Sandgren<br \/>\nAnna Airaksinen, Utst\u00e4llningskoordinator, utskottets beredande sekreterare<\/p>\n<p><strong>Medlemsutskottet<br \/>\n<\/strong><\/p>\n<p>F\u00f6rbundets medlemmar v\u00e4ljs av styrelsen baserat p\u00e5 f\u00f6rslag fr\u00e5n medlemsutskottet. \u00c4ven medlemsutskottet utses av styrelsen. H\u00f6sten 2023 \u00e4r utskottets sammans\u00e4ttning f\u00f6ljande:<\/p>\n<p>Katri Lassila<br \/>\nKatri Naukkarinen<br \/>\nKarl Henrik Edlund<\/p>\n<p>I arbetet med utskotten \u00e4r medlemmarnas mandat h\u00f6gst tv\u00e5 \u00e5r.<\/p>\n","protected":false},"excerpt":{"rendered":"<p>Anna Niskanen, ordf\u00f6rande Katri Naukkarinen, vice ordf\u00f6rande Jari Arffman Sami Funke Mari Hokkanen Juuli Kangasniemi Katri Lassila Juuso Noronkoski Noora Sandgren &nbsp; Utst\u00e4llningsutskottet F\u00f6r f\u00f6rbundets utst\u00e4llningsverksamhet ansvarar ett av styrelsen utn\u00e4mnt utskott, till vilket ocks\u00e5 utomst\u00e5ende experter kan bjudas in som medlemmar. H\u00f6sten 2023 best\u00e5r utskottet av: Mari Hokkanen Juuli Kangasniemi Noora Sandgren Anna Airaksinen, [&hellip;]<\/p>\n","protected":false},"author":7,"featured_media":0,"parent":14934,"menu_order":0,"comment_status":"closed","ping_status":"closed","template":"","meta":{"footnotes":""},"class_list":["post-14941","page","type-page","status-publish","hentry"],"_links":{"self":[{"href":"https:\/\/hippolyte.fi\/sv\/wp-json\/wp\/v2\/pages\/14941","targetHints":{"allow":["GET"]}}],"collection":[{"href":"https:\/\/hippolyte.fi\/sv\/wp-json\/wp\/v2\/pages"}],"about":[{"href":"https:\/\/hippolyte.fi\/sv\/wp-json\/wp\/v2\/types\/page"}],"author":[{"embeddable":true,"href":"https:\/\/hippolyte.fi\/sv\/wp-json\/wp\/v2\/users\/7"}],"replies":[{"embeddable":true,"href":"https:\/\/hippolyte.fi\/sv\/wp-json\/wp\/v2\/comments?post=14941"}],"version-history":[{"count":6,"href":"https:\/\/hippolyte.fi\/sv\/wp-json\/wp\/v2\/pages\/14941\/revisions"}],"predecessor-version":[{"id":22870,"href":"https:\/\/hippolyte.fi\/sv\/wp-json\/wp\/v2\/pages\/14941\/revisions\/22870"}],"up":[{"embeddable":true,"href":"https:\/\/hippolyte.fi\/sv\/wp-json\/wp\/v2\/pages\/14934"}],"wp:attachment":[{"href":"https:\/\/hippolyte.fi\/sv\/wp-json\/wp\/v2\/media?parent=14941"}],"curies":[{"name":"wp","href":"https:\/\/api.w.org\/{rel}","templated":true}]}}