{"id":14961,"date":"2017-11-28T13:32:08","date_gmt":"2017-11-28T11:32:08","guid":{"rendered":"http:\/\/hippolyte.fi\/?page_id=14961"},"modified":"2018-08-24T16:46:43","modified_gmt":"2018-08-24T13:46:43","slug":"ansok-om-medlemskap","status":"publish","type":"page","link":"https:\/\/hippolyte.fi\/sv\/fotokonstnarernas-forbund\/ansok-om-medlemskap\/","title":{"rendered":"Ans\u00f6k om medlemskap"},"content":{"rendered":"<p><strong>Fotokonstn\u00e4rernas f\u00f6rbund \u00e4r en intresseorganisation f\u00f6r professionella konstn\u00e4rer med fotografi som arbetss\u00e4tt. F\u00f6rbundet erbjuder sina medlemmar intressebevakning, information, r\u00e5dgivning, utbildning och f\u00f6rmedling av verk. Dessutom f\u00e5r du som medlem m\u00f6jlighet att anv\u00e4nda Konstn\u00e4rsgillet i Finlands tj\u00e4nster, bl.a. r\u00e4ttslig r\u00e5dgivning.<\/strong><\/p>\n<p><strong>F\u00f6rbundets medlemstj\u00e4nster erbjuds fr\u00e4mst p\u00e5 finska. L\u00e4s mera p\u00e5 finska <a href=\"http:\/\/hippolyte.fi\/valokuvataiteilijoiden-liitto\/\">h\u00e4r<\/a>.<\/strong><\/p>\n","protected":false},"excerpt":{"rendered":"<p>Fotokonstn\u00e4rernas f\u00f6rbund \u00e4r en intresseorganisation f\u00f6r professionella konstn\u00e4rer med fotografi som arbetss\u00e4tt. F\u00f6rbundet erbjuder sina medlemmar intressebevakning, information, r\u00e5dgivning, utbildning och f\u00f6rmedling av verk. Dessutom f\u00e5r du som medlem m\u00f6jlighet att anv\u00e4nda Konstn\u00e4rsgillet i Finlands tj\u00e4nster, bl.a. r\u00e4ttslig r\u00e5dgivning. F\u00f6rbundets medlemstj\u00e4nster erbjuds fr\u00e4mst p\u00e5 finska. L\u00e4s mera p\u00e5 finska h\u00e4r.<\/p>\n","protected":false},"author":7,"featured_media":0,"parent":14934,"menu_order":1,"comment_status":"closed","ping_status":"closed","template":"","meta":{"footnotes":""},"class_list":["post-14961","page","type-page","status-publish","hentry"],"_links":{"self":[{"href":"https:\/\/hippolyte.fi\/sv\/wp-json\/wp\/v2\/pages\/14961","targetHints":{"allow":["GET"]}}],"collection":[{"href":"https:\/\/hippolyte.fi\/sv\/wp-json\/wp\/v2\/pages"}],"about":[{"href":"https:\/\/hippolyte.fi\/sv\/wp-json\/wp\/v2\/types\/page"}],"author":[{"embeddable":true,"href":"https:\/\/hippolyte.fi\/sv\/wp-json\/wp\/v2\/users\/7"}],"replies":[{"embeddable":true,"href":"https:\/\/hippolyte.fi\/sv\/wp-json\/wp\/v2\/comments?post=14961"}],"version-history":[{"count":3,"href":"https:\/\/hippolyte.fi\/sv\/wp-json\/wp\/v2\/pages\/14961\/revisions"}],"predecessor-version":[{"id":15883,"href":"https:\/\/hippolyte.fi\/sv\/wp-json\/wp\/v2\/pages\/14961\/revisions\/15883"}],"up":[{"embeddable":true,"href":"https:\/\/hippolyte.fi\/sv\/wp-json\/wp\/v2\/pages\/14934"}],"wp:attachment":[{"href":"https:\/\/hippolyte.fi\/sv\/wp-json\/wp\/v2\/media?parent=14961"}],"curies":[{"name":"wp","href":"https:\/\/api.w.org\/{rel}","templated":true}]}}